{"id":37,"date":"2023-03-03T06:45:47","date_gmt":"2023-03-03T06:45:47","guid":{"rendered":"https:\/\/www.sgsticker.ch\/?page_id=37"},"modified":"2023-03-15T10:12:16","modified_gmt":"2023-03-15T10:12:16","slug":"datenschutzerklaerung","status":"publish","type":"page","link":"https:\/\/www.sgsticker.ch\/index.php\/datenschutzerklaerung\/","title":{"rendered":"Datenschutzerkl\u00e4rung"},"content":{"rendered":"\n<p>Willkommen beim SG Sticker! Wir freuen uns, dass Sie sich f\u00fcr unsere Produkte interessieren. Der Schutz Ihrer personenbezogenen Daten ist uns ein wichtiges Anliegen. In dieser Datenschutzerkl\u00e4rung informieren wir Sie dar\u00fcber, welche personenbezogenen Daten wir von Ihnen erheben, wenn Sie unseren Shop besuchen und wie wir diese Daten verwenden.<\/p>\n\n\n\n<p>Verantwortlicher f\u00fcr die Datenverarbeitung im Sinne der Datenschutzgesetze ist:<\/p>\n\n\n\n<p>SG Sticker<\/p>\n\n\n\n<p>E-Mail: info@sg-sticker.ch<\/p>\n\n\n\n<p>Datenerhebung und -verwendung<\/p>\n\n\n\n<p class=\"has-medium-font-size\"><strong>Zugriffsdaten<\/strong><\/p>\n\n\n\n<p>Wir erheben aufgrund unseres berechtigten Interesses im Sinne von Art. 6 Abs. 1 lit. f DSGVO Daten \u00fcber Zugriffe auf unseren Shop und speichern diese als &#171;Server-Logfiles&#187; auf unserem Server. Folgende Daten werden protokolliert:<\/p>\n\n\n\n<p class=\"has-medium-font-size\"><strong>Besuchte Website<\/strong><\/p>\n\n\n\n<p>Uhrzeit zum Zeitpunkt des Zugriffes<\/p>\n\n\n\n<p>Menge der gesendeten Daten in Byte<\/p>\n\n\n\n<p>Quelle\/Verweis, von welchem Sie auf die Seite gelangten<\/p>\n\n\n\n<p>Verwendeter Browser<\/p>\n\n\n\n<p>Verwendetes Betriebssystem<\/p>\n\n\n\n<p>Verwendete IP-Adresse<\/p>\n\n\n\n<p>Die Server-Logfiles werden f\u00fcr maximal 7 Tage gespeichert und anschliessend gel\u00f6scht. Die Speicherung der Daten erfolgt aus Sicherheitsgr\u00fcnden, um z.B. Missbrauchsf\u00e4lle aufkl\u00e4ren zu k\u00f6nnen. M\u00fcssen Daten aus Beweisgr\u00fcnden aufgehoben werden, sind sie solange von der L\u00f6schung ausgenommen bis der Vorfall endg\u00fcltig gekl\u00e4rt ist.<\/p>\n\n\n\n<p class=\"has-medium-font-size\"><strong>Bestellvorgang<\/strong><\/p>\n\n\n\n<p>Im Rahmen des Bestellvorgangs erheben wir von Ihnen folgende Daten:<\/p>\n\n\n\n<p>Name, Vorname<\/p>\n\n\n\n<p>Adresse<\/p>\n\n\n\n<p>E-Mail-Adresse<\/p>\n\n\n\n<p>Zahlungsinformationen<\/p>\n\n\n\n<p>Telefonnummer<\/p>\n\n\n\n<p>Die Erhebung dieser Daten erfolgt, um den Vertrag mit Ihnen abzuschliessen, auszuf\u00fchren und abzurechnen.<\/p>\n\n\n\n<p class=\"has-medium-font-size\"><strong>Kontaktformular<\/strong><\/p>\n\n\n\n<p>Wenn Sie uns \u00fcber das Kontaktformular Anfragen zukommen lassen, werden Ihre Angaben aus dem Anfrageformular inklusive der von Ihnen dort angegebenen Kontaktdaten zwecks Bearbeitung der Anfrage und f\u00fcr den Fall von Anschlussfragen bei uns gespeichert. Diese Daten geben wir nicht ohne Ihre Einwilligung weiter.<\/p>\n\n\n\n<p class=\"has-medium-font-size\"><strong>Weitergabe von Daten<\/strong><\/p>\n\n\n\n<p>Eine Weitergabe Ihrer Daten an Dritte erfolgt nur, wenn dies zur Vertragserf\u00fcllung erforderlich ist oder wir gesetzlich dazu verpflichtet sind.<\/p>\n\n\n\n<p class=\"has-medium-font-size\"><strong>Cookies<\/strong><\/p>\n\n\n\n<p>Wir setzen Cookies ein, um unser Angebot nutzerfreundlicher, effektiver und sicherer zu gestalten. Cookies sind kleine Textdateien, die auf Ihrem Endger\u00e4t abgelegt werden und die Ihr Browser speichert.<\/p>\n\n\n\n<p>Die meisten der von uns verwendeten Cookies sind &#171;Session-Cookies&#187;. Sie werden nach Ende Ihres Besuchs automatisch gel\u00f6scht. Andere Cookies bleiben auf Ihrem Endger\u00e4t gespeichert, bis Sie diese l\u00f6schen. Diese Cookies erm\u00f6glichen es uns, Ihren Browser beim n\u00e4chsten Besuch wiederzuerkennen.<\/p>\n\n\n\n<p>Sie k\u00f6nnen Ihren Browser so einstellen, dass Sie \u00fcber das Setzen von Cookies informiert werden und Cookies nur im Einzelfall erlauben, die Annahme von Cookies f\u00fcr bestimmte F\u00e4lle oder generell ausschliessen sowie das automatische L\u00f6schen der Cookies beim Schliessen des Browsers aktivieren. Bei der Deaktivierung von Cookies kann die Funktionalit\u00e4t unseres Shops eingeschr\u00e4nkt sein.<\/p>\n\n\n\n<p class=\"has-medium-font-size\"><strong>Ihre Rechte<\/strong><\/p>\n\n\n\n<p>Sie haben das Recht auf Auskunft \u00fcber die von uns verarbeiteten personenbezogenen Daten, auf Berichtigung unrichtiger Daten, auf L\u00f6schung Ihrer Daten sowie auf Einschr\u00e4nkung der Verarbeitung Ihrer Daten. Ihnen steht auch das Recht auf Daten\u00fcbertragbarkeit zu.<\/p>\n\n\n\n<p>Dar\u00fcber hinaus haben Sie das Recht, Ihre Einwilligung zur Verarbeitung Ihrer Daten jederzeit zu widerrufen, ohne dass die Rechtm\u00e4ssigkeit, der aufgrund der Einwilligung bis zum Widerruf erfolgten Verarbeitung ber\u00fchrt wird.<\/p>\n\n\n\n<p>Wenn Sie der Ansicht sind, dass die Verarbeitung Ihrer personenbezogenen Daten gegen datenschutzrechtliche Bestimmungen verst\u00f6sst, steht Ihnen das Recht auf Beschwerde bei der zust\u00e4ndigen Aufsichtsbeh\u00f6rde zu.<\/p>\n\n\n\n<p class=\"has-medium-font-size\"><strong>Speicherdauer<\/strong><\/p>\n\n\n\n<p>Wir speichern personenbezogene Daten nur so lange, wie es f\u00fcr die Erf\u00fcllung der jeweiligen Zwecke erforderlich ist oder wie es die gesetzlichen Aufbewahrungsfristen vorsehen.<\/p>\n\n\n\n<p class=\"has-medium-font-size\"><strong>Datensicherheit<\/strong><\/p>\n\n\n\n<p>Wir treffen technische und organisatorische Sicherheitsmassnahmen, um Ihre personenbezogenen Daten vor unerlaubtem Zugriff und Missbrauch zu sch\u00fctzen. Unsere Sicherheitsmassnahmen werden entsprechend der technologischen Entwicklung fortlaufend verbessert.<\/p>\n\n\n\n<p class=\"has-medium-font-size\"><strong>\u00c4nderungen dieser Datenschutzerkl\u00e4rung<\/strong><\/p>\n\n\n\n<p>Wir behalten uns vor, diese Datenschutzerkl\u00e4rung bei Bedarf anzupassen, um sie an ge\u00e4nderte Rechtslagen, oder bei \u00c4nderungen des Dienstes sowie der Datenverarbeitung anzupassen. F\u00fcr Ihren erneuten Besuch gilt dann die neue Datenschutzerkl\u00e4rung.<\/p>\n\n\n\n<p>Wir hoffen, dass wir Ihnen mit dieser Datenschutzerkl\u00e4rung alle relevanten Informationen bereitgestellt haben. Wenn Sie Fragen oder Anmerkungen haben, k\u00f6nnen Sie uns gerne kontaktieren.<\/p>\n","protected":false},"excerpt":{"rendered":"<p>Willkommen beim SG Sticker! Wir freuen uns, dass Sie sich f\u00fcr unsere Produkte interessieren. Der Schutz Ihrer personenbezogenen Daten ist uns ein wichtiges Anliegen. In dieser Datenschutzerkl\u00e4rung informieren wir Sie dar\u00fcber, welche personenbezogenen Daten wir von Ihnen erheben, wenn Sie unseren Shop besuchen und wie wir diese Daten verwenden. Verantwortlicher f\u00fcr die Datenverarbeitung im Sinne [&hellip;]<\/p>\n","protected":false},"author":2,"featured_media":0,"parent":0,"menu_order":0,"comment_status":"closed","ping_status":"closed","template":"","meta":{"site-sidebar-layout":"default","site-content-layout":"","ast-site-content-layout":"default","site-content-style":"default","site-sidebar-style":"default","ast-global-header-display":"","ast-banner-title-visibility":"","ast-main-header-display":"","ast-hfb-above-header-display":"","ast-hfb-below-header-display":"","ast-hfb-mobile-header-display":"","site-post-title":"","ast-breadcrumbs-content":"","ast-featured-img":"","footer-sml-layout":"","ast-disable-related-posts":"","theme-transparent-header-meta":"","adv-header-id-meta":"","stick-header-meta":"","header-above-stick-meta":"","header-main-stick-meta":"","header-below-stick-meta":"","astra-migrate-meta-layouts":"default","ast-page-background-enabled":"default","ast-page-background-meta":{"desktop":{"background-color":"var(--ast-global-color-4)","background-image":"","background-repeat":"repeat","background-position":"center center","background-size":"auto","background-attachment":"scroll","background-type":"","background-media":"","overlay-type":"","overlay-color":"","overlay-opacity":"","overlay-gradient":""},"tablet":{"background-color":"","background-image":"","background-repeat":"repeat","background-position":"center center","background-size":"auto","background-attachment":"scroll","background-type":"","background-media":"","overlay-type":"","overlay-color":"","overlay-opacity":"","overlay-gradient":""},"mobile":{"background-color":"","background-image":"","background-repeat":"repeat","background-position":"center center","background-size":"auto","background-attachment":"scroll","background-type":"","background-media":"","overlay-type":"","overlay-color":"","overlay-opacity":"","overlay-gradient":""}},"ast-content-background-meta":{"desktop":{"background-color":"var(--ast-global-color-5)","background-image":"","background-repeat":"repeat","background-position":"center center","background-size":"auto","background-attachment":"scroll","background-type":"","background-media":"","overlay-type":"","overlay-color":"","overlay-opacity":"","overlay-gradient":""},"tablet":{"background-color":"var(--ast-global-color-5)","background-image":"","background-repeat":"repeat","background-position":"center center","background-size":"auto","background-attachment":"scroll","background-type":"","background-media":"","overlay-type":"","overlay-color":"","overlay-opacity":"","overlay-gradient":""},"mobile":{"background-color":"var(--ast-global-color-5)","background-image":"","background-repeat":"repeat","background-position":"center center","background-size":"auto","background-attachment":"scroll","background-type":"","background-media":"","overlay-type":"","overlay-color":"","overlay-opacity":"","overlay-gradient":""}},"footnotes":""},"class_list":["post-37","page","type-page","status-publish","hentry"],"jetpack_sharing_enabled":true,"_links":{"self":[{"href":"https:\/\/www.sgsticker.ch\/index.php\/wp-json\/wp\/v2\/pages\/37","targetHints":{"allow":["GET"]}}],"collection":[{"href":"https:\/\/www.sgsticker.ch\/index.php\/wp-json\/wp\/v2\/pages"}],"about":[{"href":"https:\/\/www.sgsticker.ch\/index.php\/wp-json\/wp\/v2\/types\/page"}],"author":[{"embeddable":true,"href":"https:\/\/www.sgsticker.ch\/index.php\/wp-json\/wp\/v2\/users\/2"}],"replies":[{"embeddable":true,"href":"https:\/\/www.sgsticker.ch\/index.php\/wp-json\/wp\/v2\/comments?post=37"}],"version-history":[{"count":1,"href":"https:\/\/www.sgsticker.ch\/index.php\/wp-json\/wp\/v2\/pages\/37\/revisions"}],"predecessor-version":[{"id":955,"href":"https:\/\/www.sgsticker.ch\/index.php\/wp-json\/wp\/v2\/pages\/37\/revisions\/955"}],"wp:attachment":[{"href":"https:\/\/www.sgsticker.ch\/index.php\/wp-json\/wp\/v2\/media?parent=37"}],"curies":[{"name":"wp","href":"https:\/\/api.w.org\/{rel}","templated":true}]}}